{"id":236,"date":"2024-11-13T14:09:56","date_gmt":"2024-11-13T14:09:56","guid":{"rendered":"https:\/\/bajkowikumple.pl\/?page_id=236"},"modified":"2024-11-16T18:17:15","modified_gmt":"2024-11-16T18:17:15","slug":"sprzedaz-maskotek","status":"publish","type":"page","link":"https:\/\/bajkowikumple.pl\/index.php\/sprzedaz-maskotek\/","title":{"rendered":"Sprzeda\u017c Maskotek"},"content":{"rendered":"\n<div class=\"wp-block-columns is-layout-flex wp-container-13\">\n<div class=\"wp-block-column is-layout-flow\">\n<div style=\"height:30px\" aria-hidden=\"true\" class=\"wp-block-spacer\"><\/div>\n\n\n\n<div class=\"wp-block-media-text alignwide is-stacked-on-mobile\" style=\"grid-template-columns:34% auto\"><figure class=\"wp-block-media-text__media\"><a href=\"https:\/\/bajkowikumple.pl\/index.php\/sprzedaz-maskotek\/bmis\/\"><img decoding=\"async\" loading=\"lazy\" width=\"768\" height=\"1024\" src=\"https:\/\/bajkowikumple.pl\/wp-content\/uploads\/2024\/11\/bmis-768x1024.jpg\" alt=\"\" class=\"wp-image-242 size-full\" srcset=\"https:\/\/bajkowikumple.pl\/wp-content\/uploads\/2024\/11\/bmis-768x1024.jpg 768w, https:\/\/bajkowikumple.pl\/wp-content\/uploads\/2024\/11\/bmis-225x300.jpg 225w, https:\/\/bajkowikumple.pl\/wp-content\/uploads\/2024\/11\/bmis-1152x1536.jpg 1152w, https:\/\/bajkowikumple.pl\/wp-content\/uploads\/2024\/11\/bmis.jpg 1536w\" sizes=\"(max-width: 768px) 100vw, 768px\" \/><\/a><\/figure><div class=\"wp-block-media-text__content\">\n<p class=\"has-nv-text-dark-bg-color has-text-color\" style=\"font-size:23px\"><strong>Nazwa:<\/strong> <strong>Bia\u0142y Mi\u015b<\/strong><\/p>\n\n\n\n<p class=\"has-nv-text-dark-bg-color has-text-color\" style=\"font-size:23px\"><strong>Ceny od 1200z<\/strong>\u0142<\/p>\n\n\n\n<div class=\"wp-block-buttons is-layout-flex\">\n<div class=\"wp-block-button has-custom-font-size has-medium-font-size\"><a class=\"wp-block-button__link has-neve-link-color-background-color has-background wp-element-button\" href=\"https:\/\/bajkowikumple.pl\/index.php\/oferta\/\" style=\"border-radius:10px;padding-top:var(--wp--preset--spacing--20);padding-right:var(--wp--preset--spacing--20);padding-bottom:var(--wp--preset--spacing--20);padding-left:var(--wp--preset--spacing--20)\">Oferta<\/a><\/div>\n\n\n\n<div class=\"wp-block-button has-custom-font-size has-medium-font-size\"><a class=\"wp-block-button__link has-neve-link-color-background-color has-background wp-element-button\" href=\"https:\/\/bajkowikumple.pl\/index.php\/galeria\/\" style=\"border-radius:10px;padding-top:var(--wp--preset--spacing--20);padding-right:var(--wp--preset--spacing--20);padding-bottom:var(--wp--preset--spacing--20);padding-left:var(--wp--preset--spacing--20)\">Galeria<\/a><\/div>\n<\/div>\n\n\n\n<p><\/p>\n<\/div><\/div>\n\n\n\n<hr class=\"wp-block-separator has-alpha-channel-opacity\"\/>\n\n\n\n<div class=\"wp-block-media-text alignwide is-stacked-on-mobile\" style=\"grid-template-columns:34% auto\"><figure class=\"wp-block-media-text__media\"><a href=\"https:\/\/bajkowikumple.pl\/index.php\/galeria\/2b763b23-f015-42fb-8b68-02cf8d7bef4e-8\/\"><img decoding=\"async\" loading=\"lazy\" width=\"540\" height=\"720\" src=\"https:\/\/bajkowikumple.pl\/wp-content\/uploads\/2024\/11\/2b763b23-f015-42fb-8b68-02cf8d7bef4e-8.jpg\" alt=\"\" class=\"wp-image-200 size-full\" srcset=\"https:\/\/bajkowikumple.pl\/wp-content\/uploads\/2024\/11\/2b763b23-f015-42fb-8b68-02cf8d7bef4e-8.jpg 540w, https:\/\/bajkowikumple.pl\/wp-content\/uploads\/2024\/11\/2b763b23-f015-42fb-8b68-02cf8d7bef4e-8-225x300.jpg 225w\" sizes=\"(max-width: 540px) 100vw, 540px\" \/><\/a><\/figure><div class=\"wp-block-media-text__content\">\n<p class=\"has-nv-text-dark-bg-color has-text-color\" style=\"font-size:23px\"><strong>Nazwa:<\/strong> <strong>Sonic<\/strong><\/p>\n\n\n\n<p class=\"has-nv-text-dark-bg-color has-text-color\" style=\"font-size:23px\"><strong>Ceny od 1200z<\/strong>\u0142<\/p>\n\n\n\n<div class=\"wp-block-buttons is-layout-flex\">\n<div class=\"wp-block-button has-custom-font-size has-medium-font-size\"><a class=\"wp-block-button__link has-neve-link-color-background-color has-background wp-element-button\" href=\"https:\/\/bajkowikumple.pl\/index.php\/oferta\/\" style=\"border-radius:10px;padding-top:var(--wp--preset--spacing--20);padding-right:var(--wp--preset--spacing--20);padding-bottom:var(--wp--preset--spacing--20);padding-left:var(--wp--preset--spacing--20)\">Oferta<\/a><\/div>\n\n\n\n<div class=\"wp-block-button has-custom-font-size has-medium-font-size\"><a class=\"wp-block-button__link has-neve-link-color-background-color has-background wp-element-button\" href=\"https:\/\/bajkowikumple.pl\/index.php\/galeria\/\" style=\"border-radius:10px;padding-top:var(--wp--preset--spacing--20);padding-right:var(--wp--preset--spacing--20);padding-bottom:var(--wp--preset--spacing--20);padding-left:var(--wp--preset--spacing--20)\">Galeria<\/a><\/div>\n<\/div>\n\n\n\n<p><\/p>\n<\/div><\/div>\n\n\n\n<hr class=\"wp-block-separator has-alpha-channel-opacity\"\/>\n\n\n\n<div class=\"wp-block-media-text alignwide is-stacked-on-mobile\" style=\"grid-template-columns:34% auto\"><figure class=\"wp-block-media-text__media\"><a href=\"https:\/\/bajkowikumple.pl\/index.php\/galeria\/2b763b23-f015-42fb-8b68-02cf8d7bef4e-4-1\/\"><img decoding=\"async\" loading=\"lazy\" width=\"768\" height=\"1024\" src=\"https:\/\/bajkowikumple.pl\/wp-content\/uploads\/2024\/11\/2b763b23-f015-42fb-8b68-02cf8d7bef4e-4-1-768x1024.jpg\" alt=\"\" class=\"wp-image-208 size-full\" srcset=\"https:\/\/bajkowikumple.pl\/wp-content\/uploads\/2024\/11\/2b763b23-f015-42fb-8b68-02cf8d7bef4e-4-1-768x1024.jpg 768w, https:\/\/bajkowikumple.pl\/wp-content\/uploads\/2024\/11\/2b763b23-f015-42fb-8b68-02cf8d7bef4e-4-1-225x300.jpg 225w, https:\/\/bajkowikumple.pl\/wp-content\/uploads\/2024\/11\/2b763b23-f015-42fb-8b68-02cf8d7bef4e-4-1-1152x1536.jpg 1152w, https:\/\/bajkowikumple.pl\/wp-content\/uploads\/2024\/11\/2b763b23-f015-42fb-8b68-02cf8d7bef4e-4-1.jpg 1536w\" sizes=\"(max-width: 768px) 100vw, 768px\" \/><\/a><\/figure><div class=\"wp-block-media-text__content\">\n<p class=\"has-nv-text-dark-bg-color has-text-color\" style=\"font-size:23px\"><strong>Nazwa:<\/strong> <strong>Mario<\/strong><\/p>\n\n\n\n<p class=\"has-nv-text-dark-bg-color has-text-color\" style=\"font-size:23px\"><strong>Ceny od 1200z<\/strong>\u0142<\/p>\n\n\n\n<div class=\"wp-block-buttons is-layout-flex\">\n<div class=\"wp-block-button has-custom-font-size has-medium-font-size\"><a class=\"wp-block-button__link has-neve-link-color-background-color has-background wp-element-button\" href=\"https:\/\/bajkowikumple.pl\/index.php\/oferta\/\" style=\"border-radius:10px;padding-top:var(--wp--preset--spacing--20);padding-right:var(--wp--preset--spacing--20);padding-bottom:var(--wp--preset--spacing--20);padding-left:var(--wp--preset--spacing--20)\">Oferta<\/a><\/div>\n\n\n\n<div class=\"wp-block-button has-custom-font-size has-medium-font-size\"><a class=\"wp-block-button__link has-neve-link-color-background-color has-background wp-element-button\" href=\"https:\/\/bajkowikumple.pl\/index.php\/galeria\/\" style=\"border-radius:10px;padding-top:var(--wp--preset--spacing--20);padding-right:var(--wp--preset--spacing--20);padding-bottom:var(--wp--preset--spacing--20);padding-left:var(--wp--preset--spacing--20)\">Galeria<\/a><\/div>\n<\/div>\n\n\n\n<p><\/p>\n<\/div><\/div>\n\n\n\n<hr class=\"wp-block-separator has-alpha-channel-opacity\"\/>\n\n\n\n<div class=\"wp-block-media-text alignwide is-stacked-on-mobile\" style=\"grid-template-columns:34% auto\"><figure class=\"wp-block-media-text__media\"><a href=\"https:\/\/bajkowikumple.pl\/index.php\/sprzedaz-maskotek\/2b763b23-f015-42fb-8b68-02cf8d7bef4e-1-1\/\"><img decoding=\"async\" loading=\"lazy\" width=\"769\" height=\"1024\" src=\"https:\/\/bajkowikumple.pl\/wp-content\/uploads\/2024\/11\/2b763b23-f015-42fb-8b68-02cf8d7bef4e-1-1-769x1024.jpg\" alt=\"\" class=\"wp-image-239 size-full\" srcset=\"https:\/\/bajkowikumple.pl\/wp-content\/uploads\/2024\/11\/2b763b23-f015-42fb-8b68-02cf8d7bef4e-1-1-769x1024.jpg 769w, https:\/\/bajkowikumple.pl\/wp-content\/uploads\/2024\/11\/2b763b23-f015-42fb-8b68-02cf8d7bef4e-1-1-225x300.jpg 225w, https:\/\/bajkowikumple.pl\/wp-content\/uploads\/2024\/11\/2b763b23-f015-42fb-8b68-02cf8d7bef4e-1-1-768x1023.jpg 768w, https:\/\/bajkowikumple.pl\/wp-content\/uploads\/2024\/11\/2b763b23-f015-42fb-8b68-02cf8d7bef4e-1-1-1153x1536.jpg 1153w, https:\/\/bajkowikumple.pl\/wp-content\/uploads\/2024\/11\/2b763b23-f015-42fb-8b68-02cf8d7bef4e-1-1.jpg 1537w\" sizes=\"(max-width: 769px) 100vw, 769px\" \/><\/a><\/figure><div class=\"wp-block-media-text__content\">\n<p class=\"has-nv-text-dark-bg-color has-text-color\" style=\"font-size:23px\"><strong>Nazwa:<\/strong> <strong>Andzia<\/strong><\/p>\n\n\n\n<p class=\"has-nv-text-dark-bg-color has-text-color\" style=\"font-size:23px\"><strong>Ceny od 1200z<\/strong>\u0142<\/p>\n\n\n\n<div class=\"wp-block-buttons is-layout-flex\">\n<div class=\"wp-block-button has-custom-font-size has-medium-font-size\"><a class=\"wp-block-button__link has-neve-link-color-background-color has-background wp-element-button\" href=\"https:\/\/bajkowikumple.pl\/index.php\/oferta\/\" style=\"border-radius:10px;padding-top:var(--wp--preset--spacing--20);padding-right:var(--wp--preset--spacing--20);padding-bottom:var(--wp--preset--spacing--20);padding-left:var(--wp--preset--spacing--20)\">Oferta<\/a><\/div>\n\n\n\n<div class=\"wp-block-button has-custom-font-size has-medium-font-size\"><a class=\"wp-block-button__link has-neve-link-color-background-color has-background wp-element-button\" href=\"https:\/\/bajkowikumple.pl\/index.php\/galeria\/\" style=\"border-radius:10px;padding-top:var(--wp--preset--spacing--20);padding-right:var(--wp--preset--spacing--20);padding-bottom:var(--wp--preset--spacing--20);padding-left:var(--wp--preset--spacing--20)\">Galeria<\/a><\/div>\n<\/div>\n\n\n\n<p><\/p>\n<\/div><\/div>\n\n\n\n<hr class=\"wp-block-separator has-alpha-channel-opacity\"\/>\n\n\n\n<div class=\"wp-block-media-text alignwide is-stacked-on-mobile\" style=\"grid-template-columns:34% auto\"><figure class=\"wp-block-media-text__media\"><a href=\"https:\/\/bajkowikumple.pl\/index.php\/galeria\/2b763b23-f015-42fb-8b68-02cf8d7bef4e-2\/\"><img decoding=\"async\" loading=\"lazy\" width=\"769\" height=\"1024\" src=\"https:\/\/bajkowikumple.pl\/wp-content\/uploads\/2024\/11\/2b763b23-f015-42fb-8b68-02cf8d7bef4e-2-769x1024.jpg\" alt=\"\" class=\"wp-image-198 size-full\" srcset=\"https:\/\/bajkowikumple.pl\/wp-content\/uploads\/2024\/11\/2b763b23-f015-42fb-8b68-02cf8d7bef4e-2-769x1024.jpg 769w, https:\/\/bajkowikumple.pl\/wp-content\/uploads\/2024\/11\/2b763b23-f015-42fb-8b68-02cf8d7bef4e-2-225x300.jpg 225w, https:\/\/bajkowikumple.pl\/wp-content\/uploads\/2024\/11\/2b763b23-f015-42fb-8b68-02cf8d7bef4e-2-768x1023.jpg 768w, https:\/\/bajkowikumple.pl\/wp-content\/uploads\/2024\/11\/2b763b23-f015-42fb-8b68-02cf8d7bef4e-2-1153x1536.jpg 1153w, https:\/\/bajkowikumple.pl\/wp-content\/uploads\/2024\/11\/2b763b23-f015-42fb-8b68-02cf8d7bef4e-2.jpg 1537w\" sizes=\"(max-width: 769px) 100vw, 769px\" \/><\/a><\/figure><div class=\"wp-block-media-text__content\">\n<p class=\"has-nv-text-dark-bg-color has-text-color\" style=\"font-size:23px\"><strong>Nazwa:<\/strong> <strong>Stich <\/strong><\/p>\n\n\n\n<p class=\"has-nv-text-dark-bg-color has-text-color\" style=\"font-size:23px\"><strong>Ceny od 1200z<\/strong>\u0142<\/p>\n\n\n\n<div class=\"wp-block-buttons is-layout-flex\">\n<div class=\"wp-block-button has-custom-font-size has-medium-font-size\"><a class=\"wp-block-button__link has-neve-link-color-background-color has-background wp-element-button\" href=\"https:\/\/bajkowikumple.pl\/index.php\/oferta\/\" style=\"border-radius:10px;padding-top:var(--wp--preset--spacing--20);padding-right:var(--wp--preset--spacing--20);padding-bottom:var(--wp--preset--spacing--20);padding-left:var(--wp--preset--spacing--20)\">Oferta<\/a><\/div>\n\n\n\n<div class=\"wp-block-button has-custom-font-size has-medium-font-size\"><a class=\"wp-block-button__link has-neve-link-color-background-color has-background wp-element-button\" href=\"https:\/\/bajkowikumple.pl\/index.php\/galeria\/\" style=\"border-radius:10px;padding-top:var(--wp--preset--spacing--20);padding-right:var(--wp--preset--spacing--20);padding-bottom:var(--wp--preset--spacing--20);padding-left:var(--wp--preset--spacing--20)\">Galeria<\/a><\/div>\n<\/div>\n\n\n\n<p><\/p>\n<\/div><\/div>\n\n\n\n<hr class=\"wp-block-separator has-alpha-channel-opacity\"\/>\n\n\n\n<div class=\"wp-block-media-text alignwide is-stacked-on-mobile\" style=\"grid-template-columns:34% auto\"><figure class=\"wp-block-media-text__media\"><a href=\"https:\/\/bajkowikumple.pl\/index.php\/galeria\/2b763b23-f015-42fb-8b68-02cf8d7bef4e-12\/\"><img decoding=\"async\" loading=\"lazy\" width=\"768\" height=\"1024\" src=\"https:\/\/bajkowikumple.pl\/wp-content\/uploads\/2024\/11\/2b763b23-f015-42fb-8b68-02cf8d7bef4e-12-768x1024.jpg\" alt=\"\" class=\"wp-image-203 size-full\" srcset=\"https:\/\/bajkowikumple.pl\/wp-content\/uploads\/2024\/11\/2b763b23-f015-42fb-8b68-02cf8d7bef4e-12-768x1024.jpg 768w, https:\/\/bajkowikumple.pl\/wp-content\/uploads\/2024\/11\/2b763b23-f015-42fb-8b68-02cf8d7bef4e-12-225x300.jpg 225w, https:\/\/bajkowikumple.pl\/wp-content\/uploads\/2024\/11\/2b763b23-f015-42fb-8b68-02cf8d7bef4e-12-1152x1536.jpg 1152w, https:\/\/bajkowikumple.pl\/wp-content\/uploads\/2024\/11\/2b763b23-f015-42fb-8b68-02cf8d7bef4e-12.jpg 1536w\" sizes=\"(max-width: 768px) 100vw, 768px\" \/><\/a><\/figure><div class=\"wp-block-media-text__content\">\n<p class=\"has-nv-text-dark-bg-color has-text-color\" style=\"font-size:23px\"><strong>Nazwa:<\/strong> <strong>Br\u0105zowy Mi\u015b <\/strong><\/p>\n\n\n\n<p class=\"has-nv-text-dark-bg-color has-text-color\" style=\"font-size:23px\"><strong>Ceny od 1200z<\/strong>\u0142<\/p>\n\n\n\n<div class=\"wp-block-buttons is-layout-flex\">\n<div class=\"wp-block-button has-custom-font-size has-medium-font-size\"><a class=\"wp-block-button__link has-neve-link-color-background-color has-background wp-element-button\" href=\"https:\/\/bajkowikumple.pl\/index.php\/oferta\/\" style=\"border-radius:10px;padding-top:var(--wp--preset--spacing--20);padding-right:var(--wp--preset--spacing--20);padding-bottom:var(--wp--preset--spacing--20);padding-left:var(--wp--preset--spacing--20)\">Oferta<\/a><\/div>\n\n\n\n<div class=\"wp-block-button has-custom-font-size has-medium-font-size\"><a class=\"wp-block-button__link has-neve-link-color-background-color has-background wp-element-button\" href=\"https:\/\/bajkowikumple.pl\/index.php\/galeria\/\" style=\"border-radius:10px;padding-top:var(--wp--preset--spacing--20);padding-right:var(--wp--preset--spacing--20);padding-bottom:var(--wp--preset--spacing--20);padding-left:var(--wp--preset--spacing--20)\">Galeria<\/a><\/div>\n<\/div>\n\n\n\n<p><\/p>\n<\/div><\/div>\n\n\n\n<hr class=\"wp-block-separator has-alpha-channel-opacity\"\/>\n\n\n\n<div class=\"wp-block-media-text alignwide is-stacked-on-mobile\" style=\"grid-template-columns:34% auto\"><figure class=\"wp-block-media-text__media\"><a href=\"https:\/\/bajkowikumple.pl\/index.php\/galeria\/2b763b23-f015-42fb-8b68-02cf8d7bef4e-13\/\"><img decoding=\"async\" loading=\"lazy\" width=\"768\" height=\"1024\" src=\"https:\/\/bajkowikumple.pl\/wp-content\/uploads\/2024\/11\/2b763b23-f015-42fb-8b68-02cf8d7bef4e-13-768x1024.jpg\" alt=\"\" class=\"wp-image-209 size-full\" srcset=\"https:\/\/bajkowikumple.pl\/wp-content\/uploads\/2024\/11\/2b763b23-f015-42fb-8b68-02cf8d7bef4e-13-768x1024.jpg 768w, https:\/\/bajkowikumple.pl\/wp-content\/uploads\/2024\/11\/2b763b23-f015-42fb-8b68-02cf8d7bef4e-13-225x300.jpg 225w, https:\/\/bajkowikumple.pl\/wp-content\/uploads\/2024\/11\/2b763b23-f015-42fb-8b68-02cf8d7bef4e-13-1152x1536.jpg 1152w, https:\/\/bajkowikumple.pl\/wp-content\/uploads\/2024\/11\/2b763b23-f015-42fb-8b68-02cf8d7bef4e-13.jpg 1536w\" sizes=\"(max-width: 768px) 100vw, 768px\" \/><\/a><\/figure><div class=\"wp-block-media-text__content\">\n<p class=\"has-nv-text-dark-bg-color has-text-color\" style=\"font-size:23px\"><strong>Nazwa:<\/strong> <strong>R\u00f3\u017cowy Mi\u015b<\/strong><\/p>\n\n\n\n<p class=\"has-nv-text-dark-bg-color has-text-color\" style=\"font-size:23px\"><strong>Ceny od 1200z<\/strong>\u0142<\/p>\n\n\n\n<div class=\"wp-block-buttons is-layout-flex\">\n<div class=\"wp-block-button has-custom-font-size has-medium-font-size\"><a class=\"wp-block-button__link has-neve-link-color-background-color has-background wp-element-button\" href=\"https:\/\/bajkowikumple.pl\/index.php\/oferta\/\" style=\"border-radius:10px;padding-top:var(--wp--preset--spacing--20);padding-right:var(--wp--preset--spacing--20);padding-bottom:var(--wp--preset--spacing--20);padding-left:var(--wp--preset--spacing--20)\">Oferta<\/a><\/div>\n\n\n\n<div class=\"wp-block-button has-custom-font-size has-medium-font-size\"><a class=\"wp-block-button__link has-neve-link-color-background-color has-background wp-element-button\" href=\"https:\/\/bajkowikumple.pl\/index.php\/galeria\/\" style=\"border-radius:10px;padding-top:var(--wp--preset--spacing--20);padding-right:var(--wp--preset--spacing--20);padding-bottom:var(--wp--preset--spacing--20);padding-left:var(--wp--preset--spacing--20)\">Galeria<\/a><\/div>\n<\/div>\n\n\n\n<p><\/p>\n<\/div><\/div>\n\n\n\n<hr class=\"wp-block-separator has-alpha-channel-opacity\"\/>\n\n\n\n<div class=\"wp-block-media-text alignwide is-stacked-on-mobile\" style=\"grid-template-columns:34% auto\"><figure class=\"wp-block-media-text__media\"><a href=\"https:\/\/bajkowikumple.pl\/index.php\/galeria\/2b763b23-f015-42fb-8b68-02cf8d7bef4e-10\/\"><img decoding=\"async\" loading=\"lazy\" width=\"768\" height=\"1024\" src=\"https:\/\/bajkowikumple.pl\/wp-content\/uploads\/2024\/11\/2b763b23-f015-42fb-8b68-02cf8d7bef4e-10-768x1024.jpg\" alt=\"\" class=\"wp-image-204 size-full\" srcset=\"https:\/\/bajkowikumple.pl\/wp-content\/uploads\/2024\/11\/2b763b23-f015-42fb-8b68-02cf8d7bef4e-10-768x1024.jpg 768w, https:\/\/bajkowikumple.pl\/wp-content\/uploads\/2024\/11\/2b763b23-f015-42fb-8b68-02cf8d7bef4e-10-225x300.jpg 225w, https:\/\/bajkowikumple.pl\/wp-content\/uploads\/2024\/11\/2b763b23-f015-42fb-8b68-02cf8d7bef4e-10-1152x1536.jpg 1152w, https:\/\/bajkowikumple.pl\/wp-content\/uploads\/2024\/11\/2b763b23-f015-42fb-8b68-02cf8d7bef4e-10.jpg 1536w\" sizes=\"(max-width: 768px) 100vw, 768px\" \/><\/a><\/figure><div class=\"wp-block-media-text__content\">\n<p class=\"has-nv-text-dark-bg-color has-text-color\" style=\"font-size:23px\"><strong>Nazwa:<\/strong> <strong>Steve z Minecraft<\/strong><\/p>\n\n\n\n<p class=\"has-nv-text-dark-bg-color has-text-color\" style=\"font-size:23px\"><strong>Ceny od 1200z\u0142<\/strong><\/p>\n\n\n\n<div class=\"wp-block-buttons is-layout-flex\">\n<div class=\"wp-block-button has-custom-font-size has-medium-font-size\"><a class=\"wp-block-button__link has-neve-link-color-background-color has-background wp-element-button\" href=\"https:\/\/bajkowikumple.pl\/index.php\/oferta\/\" style=\"border-radius:10px;padding-top:var(--wp--preset--spacing--20);padding-right:var(--wp--preset--spacing--20);padding-bottom:var(--wp--preset--spacing--20);padding-left:var(--wp--preset--spacing--20)\">Oferta<\/a><\/div>\n\n\n\n<div class=\"wp-block-button has-custom-font-size has-medium-font-size\"><a class=\"wp-block-button__link has-neve-link-color-background-color has-background wp-element-button\" href=\"https:\/\/bajkowikumple.pl\/index.php\/galeria\/\" style=\"border-radius:10px;padding-top:var(--wp--preset--spacing--20);padding-right:var(--wp--preset--spacing--20);padding-bottom:var(--wp--preset--spacing--20);padding-left:var(--wp--preset--spacing--20)\">Galeria<\/a><\/div>\n<\/div>\n\n\n\n<p><\/p>\n<\/div><\/div>\n\n\n\n<hr class=\"wp-block-separator has-alpha-channel-opacity\"\/>\n\n\n\n<div class=\"wp-block-media-text alignwide is-stacked-on-mobile\" style=\"grid-template-columns:34% auto\"><figure class=\"wp-block-media-text__media\"><a href=\"https:\/\/bajkowikumple.pl\/index.php\/galeria\/2b763b23-f015-42fb-8b68-02cf8d7bef4e-11\/\"><img decoding=\"async\" loading=\"lazy\" width=\"768\" height=\"1024\" src=\"https:\/\/bajkowikumple.pl\/wp-content\/uploads\/2024\/11\/2b763b23-f015-42fb-8b68-02cf8d7bef4e-11-768x1024.jpg\" alt=\"\" class=\"wp-image-202 size-full\" srcset=\"https:\/\/bajkowikumple.pl\/wp-content\/uploads\/2024\/11\/2b763b23-f015-42fb-8b68-02cf8d7bef4e-11-768x1024.jpg 768w, https:\/\/bajkowikumple.pl\/wp-content\/uploads\/2024\/11\/2b763b23-f015-42fb-8b68-02cf8d7bef4e-11-225x300.jpg 225w, https:\/\/bajkowikumple.pl\/wp-content\/uploads\/2024\/11\/2b763b23-f015-42fb-8b68-02cf8d7bef4e-11-1152x1536.jpg 1152w, https:\/\/bajkowikumple.pl\/wp-content\/uploads\/2024\/11\/2b763b23-f015-42fb-8b68-02cf8d7bef4e-11.jpg 1536w\" sizes=\"(max-width: 768px) 100vw, 768px\" \/><\/a><\/figure><div class=\"wp-block-media-text__content\">\n<p class=\"has-nv-text-dark-bg-color has-text-color\" style=\"font-size:23px\"><strong>Nazwa:<\/strong> <strong>Blue<\/strong><\/p>\n\n\n\n<p class=\"has-nv-text-dark-bg-color has-text-color\" style=\"font-size:23px\"><strong>Ceny od 1200z<\/strong>\u0142<\/p>\n\n\n\n<div class=\"wp-block-buttons is-layout-flex\">\n<div class=\"wp-block-button has-custom-font-size has-medium-font-size\"><a class=\"wp-block-button__link has-neve-link-color-background-color has-background wp-element-button\" href=\"https:\/\/bajkowikumple.pl\/index.php\/oferta\/\" style=\"border-radius:10px;padding-top:var(--wp--preset--spacing--20);padding-right:var(--wp--preset--spacing--20);padding-bottom:var(--wp--preset--spacing--20);padding-left:var(--wp--preset--spacing--20)\">Oferta<\/a><\/div>\n\n\n\n<div class=\"wp-block-button has-custom-font-size has-medium-font-size\"><a class=\"wp-block-button__link has-neve-link-color-background-color has-background wp-element-button\" href=\"https:\/\/bajkowikumple.pl\/index.php\/galeria\/\" style=\"border-radius:10px;padding-top:var(--wp--preset--spacing--20);padding-right:var(--wp--preset--spacing--20);padding-bottom:var(--wp--preset--spacing--20);padding-left:var(--wp--preset--spacing--20)\">Galeria<\/a><\/div>\n<\/div>\n\n\n\n<p><\/p>\n<\/div><\/div>\n\n\n\n<hr class=\"wp-block-separator has-alpha-channel-opacity\"\/>\n\n\n\n<div class=\"wp-block-media-text alignwide is-stacked-on-mobile\" style=\"grid-template-columns:34% auto\"><figure class=\"wp-block-media-text__media\"><a href=\"https:\/\/bajkowikumple.pl\/index.php\/sprzedaz-maskotek\/miki\/\"><img decoding=\"async\" loading=\"lazy\" width=\"768\" height=\"1024\" src=\"https:\/\/bajkowikumple.pl\/wp-content\/uploads\/2024\/11\/miki-768x1024.jpg\" alt=\"\" class=\"wp-image-345 size-full\" srcset=\"https:\/\/bajkowikumple.pl\/wp-content\/uploads\/2024\/11\/miki-768x1024.jpg 768w, https:\/\/bajkowikumple.pl\/wp-content\/uploads\/2024\/11\/miki-225x300.jpg 225w, https:\/\/bajkowikumple.pl\/wp-content\/uploads\/2024\/11\/miki-1152x1536.jpg 1152w, https:\/\/bajkowikumple.pl\/wp-content\/uploads\/2024\/11\/miki.jpg 1536w\" sizes=\"(max-width: 768px) 100vw, 768px\" \/><\/a><\/figure><div class=\"wp-block-media-text__content\">\n<p class=\"has-nv-text-dark-bg-color has-text-color\" style=\"font-size:23px\"><strong>Nazwa:<\/strong> <strong>\u015awi\u0119ty Miko\u0142aj<\/strong><\/p>\n\n\n\n<p class=\"has-nv-text-dark-bg-color has-text-color\" style=\"font-size:23px\"><strong>Ceny od 1200z<\/strong>\u0142<\/p>\n\n\n\n<div class=\"wp-block-buttons is-layout-flex\">\n<div class=\"wp-block-button has-custom-font-size has-medium-font-size\"><a class=\"wp-block-button__link has-neve-link-color-background-color has-background wp-element-button\" href=\"https:\/\/bajkowikumple.pl\/index.php\/oferta\/\" style=\"border-radius:10px;padding-top:var(--wp--preset--spacing--20);padding-right:var(--wp--preset--spacing--20);padding-bottom:var(--wp--preset--spacing--20);padding-left:var(--wp--preset--spacing--20)\">Oferta<\/a><\/div>\n\n\n\n<div class=\"wp-block-button has-custom-font-size has-medium-font-size\"><a class=\"wp-block-button__link has-neve-link-color-background-color has-background wp-element-button\" href=\"https:\/\/bajkowikumple.pl\/index.php\/galeria\/\" style=\"border-radius:10px;padding-top:var(--wp--preset--spacing--20);padding-right:var(--wp--preset--spacing--20);padding-bottom:var(--wp--preset--spacing--20);padding-left:var(--wp--preset--spacing--20)\">Galeria<\/a><\/div>\n<\/div>\n\n\n\n<p><\/p>\n<\/div><\/div>\n\n\n\n<div class=\"wp-block-buttons is-layout-flex\"><\/div>\n<\/div>\n<\/div>\n\n\n\n<div class=\"wp-block-buttons is-content-justification-center is-layout-flex wp-container-14\"><\/div>\n","protected":false},"excerpt":{"rendered":"<p>Nazwa: Bia\u0142y Mi\u015b Ceny od 1200z\u0142 Nazwa: Sonic Ceny od 1200z\u0142 Nazwa: Mario Ceny od 1200z\u0142 Nazwa: Andzia Ceny od 1200z\u0142 Nazwa: Stich Ceny od 1200z\u0142 Nazwa: Br\u0105zowy Mi\u015b Ceny od 1200z\u0142 Nazwa: R\u00f3\u017cowy Mi\u015b Ceny od 1200z\u0142 Nazwa: Steve z Minecraft Ceny od 1200z\u0142 Nazwa: Blue Ceny od 1200z\u0142 Nazwa: \u015awi\u0119ty Miko\u0142aj Ceny od&hellip;&nbsp;<a href=\"https:\/\/bajkowikumple.pl\/index.php\/sprzedaz-maskotek\/\" rel=\"bookmark\">Dowiedz si\u0119 wi\u0119cej &raquo;<span class=\"screen-reader-text\">Sprzeda\u017c Maskotek<\/span><\/a><\/p>\n","protected":false},"author":2,"featured_media":0,"parent":0,"menu_order":0,"comment_status":"closed","ping_status":"closed","template":"","meta":{"neve_meta_sidebar":"","neve_meta_container":"","neve_meta_enable_content_width":"","neve_meta_content_width":0,"neve_meta_title_alignment":"center","neve_meta_author_avatar":"","neve_post_elements_order":"","neve_meta_disable_header":"","neve_meta_disable_footer":"","neve_meta_disable_title":""},"aioseo_notices":[],"_links":{"self":[{"href":"https:\/\/bajkowikumple.pl\/index.php\/wp-json\/wp\/v2\/pages\/236"}],"collection":[{"href":"https:\/\/bajkowikumple.pl\/index.php\/wp-json\/wp\/v2\/pages"}],"about":[{"href":"https:\/\/bajkowikumple.pl\/index.php\/wp-json\/wp\/v2\/types\/page"}],"author":[{"embeddable":true,"href":"https:\/\/bajkowikumple.pl\/index.php\/wp-json\/wp\/v2\/users\/2"}],"replies":[{"embeddable":true,"href":"https:\/\/bajkowikumple.pl\/index.php\/wp-json\/wp\/v2\/comments?post=236"}],"version-history":[{"count":63,"href":"https:\/\/bajkowikumple.pl\/index.php\/wp-json\/wp\/v2\/pages\/236\/revisions"}],"predecessor-version":[{"id":430,"href":"https:\/\/bajkowikumple.pl\/index.php\/wp-json\/wp\/v2\/pages\/236\/revisions\/430"}],"wp:attachment":[{"href":"https:\/\/bajkowikumple.pl\/index.php\/wp-json\/wp\/v2\/media?parent=236"}],"curies":[{"name":"wp","href":"https:\/\/api.w.org\/{rel}","templated":true}]}}