{"id":25,"date":"2023-04-26T09:34:33","date_gmt":"2023-04-26T09:34:33","guid":{"rendered":"https:\/\/bajkowikumple.pl\/?page_id=25"},"modified":"2024-11-13T15:10:04","modified_gmt":"2024-11-13T15:10:04","slug":"oferta","status":"publish","type":"page","link":"https:\/\/bajkowikumple.pl\/index.php\/oferta\/","title":{"rendered":"Oferta"},"content":{"rendered":"\n<h2 class=\"wp-block-heading\">Ceny<\/h2>\n\n\n\n<p>Wynajem kostium\u00f3w z animatorem lub bez, ceny od 150 z\u0142 Sprzeda\u017c kompletnych kostium\u00f3w pneumatycznych ceny od 1200 z\u0142 Szycie kostium\u00f3w wg projektu klienta wyceniamy indywidualnie.<\/p>\n\n\n<h2 style=\"text-align: left;\"><strong>\u00a0 \u00a0 \u00a0 \u00a0 \u00a0 \u00a0 537 532 222 | bajkowikumple@interia.pl<\/strong>\u00a0<\/h2>\n\n\n<h2 class=\"wp-block-heading\">Dojazd<\/h2>\n\n\n\n<p>Mamy siedzib\u0119 w Toruniu i \u015bwiadczymy us\u0142ugi w jego okolicach. W promieniu 30 km transport zapewniamy gratis. W przypadku wi\u0119kszych odleg\u0142o\u015bci cena przewozu ustalana jest indywidualnie.<\/p>\n","protected":false},"excerpt":{"rendered":"<p>Ceny Wynajem kostium\u00f3w z animatorem lub bez, ceny od 150 z\u0142 Sprzeda\u017c kompletnych kostium\u00f3w pneumatycznych ceny od 1200 z\u0142 Szycie kostium\u00f3w wg projektu klienta wyceniamy indywidualnie. \u00a0 \u00a0 \u00a0 \u00a0 \u00a0 \u00a0 537 532 222 | bajkowikumple@interia.pl\u00a0 Dojazd Mamy siedzib\u0119 w Toruniu i \u015bwiadczymy us\u0142ugi w jego okolicach. W promieniu 30 km transport zapewniamy gratis.&hellip;&nbsp;<a href=\"https:\/\/bajkowikumple.pl\/index.php\/oferta\/\" rel=\"bookmark\">Dowiedz si\u0119 wi\u0119cej &raquo;<span class=\"screen-reader-text\">Oferta<\/span><\/a><\/p>\n","protected":false},"author":1,"featured_media":0,"parent":0,"menu_order":0,"comment_status":"closed","ping_status":"closed","template":"","meta":{"neve_meta_sidebar":"","neve_meta_container":"","neve_meta_enable_content_width":"","neve_meta_content_width":0,"neve_meta_title_alignment":"","neve_meta_author_avatar":"","neve_post_elements_order":"","neve_meta_disable_header":"","neve_meta_disable_footer":"","neve_meta_disable_title":""},"aioseo_notices":[],"_links":{"self":[{"href":"https:\/\/bajkowikumple.pl\/index.php\/wp-json\/wp\/v2\/pages\/25"}],"collection":[{"href":"https:\/\/bajkowikumple.pl\/index.php\/wp-json\/wp\/v2\/pages"}],"about":[{"href":"https:\/\/bajkowikumple.pl\/index.php\/wp-json\/wp\/v2\/types\/page"}],"author":[{"embeddable":true,"href":"https:\/\/bajkowikumple.pl\/index.php\/wp-json\/wp\/v2\/users\/1"}],"replies":[{"embeddable":true,"href":"https:\/\/bajkowikumple.pl\/index.php\/wp-json\/wp\/v2\/comments?post=25"}],"version-history":[{"count":12,"href":"https:\/\/bajkowikumple.pl\/index.php\/wp-json\/wp\/v2\/pages\/25\/revisions"}],"predecessor-version":[{"id":268,"href":"https:\/\/bajkowikumple.pl\/index.php\/wp-json\/wp\/v2\/pages\/25\/revisions\/268"}],"wp:attachment":[{"href":"https:\/\/bajkowikumple.pl\/index.php\/wp-json\/wp\/v2\/media?parent=25"}],"curies":[{"name":"wp","href":"https:\/\/api.w.org\/{rel}","templated":true}]}}