{"id":30,"date":"2023-04-26T09:36:52","date_gmt":"2023-04-26T09:36:52","guid":{"rendered":"https:\/\/bajkowikumple.pl\/?page_id=30"},"modified":"2024-11-12T12:13:26","modified_gmt":"2024-11-12T12:13:26","slug":"o-nas","status":"publish","type":"page","link":"https:\/\/bajkowikumple.pl\/index.php\/o-nas\/","title":{"rendered":"O nas"},"content":{"rendered":"\n<p>Nasz\u0105 dzia\u0142alno\u015bci\u0105 jest wynajem kostium\u00f3w pneumatycznych zar\u00f3wno z animatorem jak i bez, szycie i sprzeda\u017c kostium\u00f3w r\u00f3wnie\u017c z panstwa projektu. Ide\u0105 naszej pracy jest dobra zabawa, rado\u015b\u0107 i u\u015bmiech dzieci. Staramy si\u0119, aby zabawa z naszymi maskotkami by\u0142a dla ka\u017cdego dziecka wspania\u0142\u0105 przygod\u0105. Dzi\u0119ki naszym gigantycznym maskotkom (wysoko\u015b\u0107 260 cm) uatrakcyjnisz ka\u017cde przyj\u0119cie lub imprez\u0119. <\/p>\n\n\n\n<p>Wynajmujemy sprz\u0119t tylko i wy\u0142\u0105cznie sprawny, zawsze sprawdzamy kostium przed wypo\u017cyczeniem razem z klientem.<\/p>\n\n\n\n<p>Nasi animatorzy to osoby kompetentne i godne zaufania. Zapewniamy najlepsze ceny. Ka\u017cde zlecenie wyceniamy indywidualnie, wed\u0142ug potrzeb klienta.<\/p>\n","protected":false},"excerpt":{"rendered":"<p>Nasz\u0105 dzia\u0142alno\u015bci\u0105 jest wynajem kostium\u00f3w pneumatycznych zar\u00f3wno z animatorem jak i bez, szycie i sprzeda\u017c kostium\u00f3w r\u00f3wnie\u017c z panstwa projektu. Ide\u0105 naszej pracy jest dobra zabawa, rado\u015b\u0107 i u\u015bmiech dzieci. Staramy si\u0119, aby zabawa z naszymi maskotkami by\u0142a dla ka\u017cdego dziecka wspania\u0142\u0105 przygod\u0105. Dzi\u0119ki naszym gigantycznym maskotkom (wysoko\u015b\u0107 260 cm) uatrakcyjnisz ka\u017cde przyj\u0119cie lub imprez\u0119.&hellip;&nbsp;<a href=\"https:\/\/bajkowikumple.pl\/index.php\/o-nas\/\" rel=\"bookmark\">Dowiedz si\u0119 wi\u0119cej &raquo;<span class=\"screen-reader-text\">O nas<\/span><\/a><\/p>\n","protected":false},"author":1,"featured_media":0,"parent":0,"menu_order":0,"comment_status":"closed","ping_status":"closed","template":"","meta":{"neve_meta_sidebar":"","neve_meta_container":"","neve_meta_enable_content_width":"","neve_meta_content_width":0,"neve_meta_title_alignment":"","neve_meta_author_avatar":"","neve_post_elements_order":"","neve_meta_disable_header":"","neve_meta_disable_footer":"","neve_meta_disable_title":""},"aioseo_notices":[],"_links":{"self":[{"href":"https:\/\/bajkowikumple.pl\/index.php\/wp-json\/wp\/v2\/pages\/30"}],"collection":[{"href":"https:\/\/bajkowikumple.pl\/index.php\/wp-json\/wp\/v2\/pages"}],"about":[{"href":"https:\/\/bajkowikumple.pl\/index.php\/wp-json\/wp\/v2\/types\/page"}],"author":[{"embeddable":true,"href":"https:\/\/bajkowikumple.pl\/index.php\/wp-json\/wp\/v2\/users\/1"}],"replies":[{"embeddable":true,"href":"https:\/\/bajkowikumple.pl\/index.php\/wp-json\/wp\/v2\/comments?post=30"}],"version-history":[{"count":5,"href":"https:\/\/bajkowikumple.pl\/index.php\/wp-json\/wp\/v2\/pages\/30\/revisions"}],"predecessor-version":[{"id":190,"href":"https:\/\/bajkowikumple.pl\/index.php\/wp-json\/wp\/v2\/pages\/30\/revisions\/190"}],"wp:attachment":[{"href":"https:\/\/bajkowikumple.pl\/index.php\/wp-json\/wp\/v2\/media?parent=30"}],"curies":[{"name":"wp","href":"https:\/\/api.w.org\/{rel}","templated":true}]}}