{"id":6,"date":"2023-04-26T09:28:46","date_gmt":"2023-04-26T09:28:46","guid":{"rendered":"https:\/\/bajkowikumple.pl\/?page_id=6"},"modified":"2024-11-16T19:47:44","modified_gmt":"2024-11-16T19:47:44","slug":"home","status":"publish","type":"page","link":"https:\/\/bajkowikumple.pl\/","title":{"rendered":"Urodzinowe atrakcje dla dzieci"},"content":{"rendered":"\n<div class=\"wp-block-cover alignfull is-light\" style=\"min-height:1043px\"><span aria-hidden=\"true\" class=\"wp-block-cover__background has-background-dim-0 has-background-dim\"><\/span><img decoding=\"async\" loading=\"lazy\" width=\"2048\" height=\"1024\" class=\"wp-block-cover__image-background wp-image-450\" alt=\"\" src=\"https:\/\/bajkowikumple.pl\/wp-content\/uploads\/2024\/11\/alex_dmuchance_torun_tlo2-2048x1024-4.png\" data-object-fit=\"cover\" srcset=\"https:\/\/bajkowikumple.pl\/wp-content\/uploads\/2024\/11\/alex_dmuchance_torun_tlo2-2048x1024-4.png 2048w, https:\/\/bajkowikumple.pl\/wp-content\/uploads\/2024\/11\/alex_dmuchance_torun_tlo2-2048x1024-4-300x150.png 300w, https:\/\/bajkowikumple.pl\/wp-content\/uploads\/2024\/11\/alex_dmuchance_torun_tlo2-2048x1024-4-1024x512.png 1024w, https:\/\/bajkowikumple.pl\/wp-content\/uploads\/2024\/11\/alex_dmuchance_torun_tlo2-2048x1024-4-768x384.png 768w, https:\/\/bajkowikumple.pl\/wp-content\/uploads\/2024\/11\/alex_dmuchance_torun_tlo2-2048x1024-4-1536x768.png 1536w\" sizes=\"(max-width: 2048px) 100vw, 2048px\" \/><div class=\"wp-block-cover__inner-container\">\n<div style=\"height:80px\" aria-hidden=\"true\" class=\"wp-block-spacer\"><\/div>\n\n\n\n<h1 class=\"wp-block-heading has-text-align-center has-text-color\" style=\"color:#121212\">Spraw dzieciom<br>niezapomnian\u0105 zabaw\u0119!<\/h1>\n\n\n\n<p class=\"has-text-align-center has-text-color\" style=\"color:#121212;font-size:17px\">\u017bywe maskotki umil\u0105 ka\u017cd\u0105 dzieci\u0119c\u0105 imprez\u0119.<\/p>\n\n\n\n<div class=\"wp-block-buttons is-content-justification-center is-layout-flex wp-container-1\">\n<div class=\"wp-block-button is-style-default\"><a class=\"wp-block-button__link has-nv-text-dark-bg-color has-text-color wp-element-button\" href=\"https:\/\/bajkowikumple.pl\/index.php\/oferta\/\">POZNAJ NASZ\u0104 OFERT\u0118<\/a><\/div>\n\n\n\n<div class=\"wp-block-button is-style-secondary\"><a class=\"wp-block-button__link wp-element-button\" href=\"#kontakt\">SKONTAKTUJ SI\u0118 Z NAMI<\/a><\/div>\n<\/div>\n\n\n\n<div style=\"height:80px\" aria-hidden=\"true\" class=\"wp-block-spacer\"><\/div>\n\n\n\n<p><\/p>\n<\/div><\/div>\n\n\n\n<div style=\"height:80px\" aria-hidden=\"true\" class=\"wp-block-spacer\"><\/div>\n\n\n\n<div class=\"wp-block-columns is-layout-flex wp-container-4\">\n<div class=\"wp-block-column is-layout-flow\"><div class=\"wp-block-image icon-style is-style-default\">\n<figure class=\"aligncenter\"><img decoding=\"async\" src=\"https:\/\/bajkowikumple.pl\/wp-content\/themes\/neve\/assets\/img\/starter-content\/icon-03.svg\" alt=\"\"\/><\/figure><\/div>\n\n\n<h3 class=\"wp-block-heading has-text-align-center has-neve-text-color-color has-text-color\">Najlepsze warunki<\/h3>\n\n\n\n<p class=\"has-text-align-center\">Us\u0142ugi dostosowujemy do Twoich potrzeb.<br>Dojazd do 30 km od Torunia zapewniamy gratis.<\/p>\n\n\n\n<div style=\"height:20px\" aria-hidden=\"true\" class=\"wp-block-spacer\"><\/div>\n<\/div>\n\n\n\n<div class=\"wp-block-column is-layout-flow\"><div class=\"wp-block-image icon-style is-style-default\">\n<figure class=\"aligncenter is-resized\"><img decoding=\"async\" loading=\"lazy\" src=\"https:\/\/bajkowikumple.pl\/wp-content\/themes\/neve\/assets\/img\/starter-content\/icon-03.svg\" alt=\"\" width=\"48\" height=\"48\"\/><\/figure><\/div>\n\n\n<h3 class=\"wp-block-heading has-text-align-center has-neve-text-color-color has-text-color\">Foto pami\u0105tki<\/h3>\n\n\n\n<p class=\"has-text-align-center\">W cenie wynajmu maskotki oferujemy natychmiastowy wydruk 10 zdj\u0119\u0107.<\/p>\n\n\n\n<div style=\"height:20px\" aria-hidden=\"true\" class=\"wp-block-spacer\"><\/div>\n<\/div>\n<\/div>\n\n\n\n<div style=\"height:80px\" aria-hidden=\"true\" class=\"wp-block-spacer\"><\/div>\n\n\n\n<div class=\"wp-block-cover alignfull\" style=\"min-height:600px\"><span aria-hidden=\"true\" class=\"wp-block-cover__background has-nv-light-bg-background-color has-background-dim-100 has-background-dim\"><\/span><div class=\"wp-block-cover__inner-container\">\n<div class=\"wp-block-group is-layout-flow\"><div class=\"wp-block-group__inner-container\">\n<div style=\"height:80px\" aria-hidden=\"true\" class=\"wp-block-spacer\"><\/div>\n\n\n\n<div class=\"wp-block-columns are-vertically-aligned-center is-layout-flex wp-container-8\">\n<div class=\"wp-block-column is-vertically-aligned-center is-layout-flow\" style=\"flex-basis:50%\">\n<div style=\"height:20px\" aria-hidden=\"true\" class=\"wp-block-spacer\"><\/div>\n\n\n\n<h2 class=\"wp-block-heading has-text-align-left has-neve-text-color-color has-text-color\">\u017bywe maskotki<\/h2>\n\n\n\n<p class=\"has-text-align-left has-neve-text-color-color has-text-color\" style=\"font-size:17px\">Posiadamy maskotki misi\u00f3w i innych zwierz\u0105tek.<\/p>\n\n\n\n<div class=\"wp-block-buttons is-content-justification-left is-layout-flex wp-container-5\">\n<div class=\"wp-block-button is-style-primary\"><a class=\"wp-block-button__link wp-element-button\" href=\"https:\/\/bajkowikumple.pl\/index.php\/o-nas\/\">DOWIEDZ SI\u0118 WI\u0118CEJ<\/a><\/div>\n<\/div>\n<\/div>\n\n\n\n<div class=\"wp-block-column is-vertically-aligned-center is-layout-flow\" style=\"flex-basis:50%\">\n<figure class=\"wp-block-image size-large\"><img decoding=\"async\" loading=\"lazy\" width=\"768\" height=\"1024\" src=\"https:\/\/bajkowikumple.pl\/wp-content\/uploads\/2024\/11\/2b763b23-f015-42fb-8b68-02cf8d7bef4e-4-768x1024.jpg\" alt=\"\" class=\"wp-image-196\" srcset=\"https:\/\/bajkowikumple.pl\/wp-content\/uploads\/2024\/11\/2b763b23-f015-42fb-8b68-02cf8d7bef4e-4-768x1024.jpg 768w, https:\/\/bajkowikumple.pl\/wp-content\/uploads\/2024\/11\/2b763b23-f015-42fb-8b68-02cf8d7bef4e-4-225x300.jpg 225w, https:\/\/bajkowikumple.pl\/wp-content\/uploads\/2024\/11\/2b763b23-f015-42fb-8b68-02cf8d7bef4e-4-1152x1536.jpg 1152w, https:\/\/bajkowikumple.pl\/wp-content\/uploads\/2024\/11\/2b763b23-f015-42fb-8b68-02cf8d7bef4e-4.jpg 1536w\" sizes=\"(max-width: 768px) 100vw, 768px\" \/><\/figure>\n<\/div>\n<\/div>\n\n\n\n<div style=\"height:40px\" aria-hidden=\"true\" class=\"wp-block-spacer\"><\/div>\n<\/div><\/div>\n<\/div><\/div>\n\n\n\n<div class=\"wp-block-cover alignfull\" style=\"min-height:600px\"><span aria-hidden=\"true\" class=\"wp-block-cover__background has-nv-dark-bg-background-color has-background-dim-100 has-background-dim\"><\/span><div class=\"wp-block-cover__inner-container\">\n<div class=\"wp-block-group is-layout-flow\"><div class=\"wp-block-group__inner-container\">\n<div style=\"height:100px\" aria-hidden=\"true\" class=\"wp-block-spacer\"><\/div>\n\n\n\n<div class=\"wp-block-columns are-vertically-aligned-center is-layout-flex wp-container-13\">\n<div class=\"wp-block-column is-vertically-aligned-center is-layout-flow\" style=\"flex-basis:50%\">\n<figure class=\"wp-block-image size-full\"><img decoding=\"async\" loading=\"lazy\" width=\"540\" height=\"720\" src=\"https:\/\/bajkowikumple.pl\/wp-content\/uploads\/2024\/11\/2b763b23-f015-42fb-8b68-02cf8d7bef4e-8.jpg\" alt=\"\" class=\"wp-image-200\" srcset=\"https:\/\/bajkowikumple.pl\/wp-content\/uploads\/2024\/11\/2b763b23-f015-42fb-8b68-02cf8d7bef4e-8.jpg 540w, https:\/\/bajkowikumple.pl\/wp-content\/uploads\/2024\/11\/2b763b23-f015-42fb-8b68-02cf8d7bef4e-8-225x300.jpg 225w\" sizes=\"(max-width: 540px) 100vw, 540px\" \/><\/figure>\n<\/div>\n\n\n\n<div class=\"wp-block-column is-vertically-aligned-center is-layout-flow\" style=\"flex-basis:50%\">\n<div style=\"height:40px\" aria-hidden=\"true\" class=\"wp-block-spacer\"><\/div>\n\n\n\n<h2 class=\"wp-block-heading has-text-align-left has-nv-text-dark-bg-color has-text-color\">15 lat do\u015bwiadczenia<\/h2>\n\n\n\n<p class=\"has-text-align-left has-nv-text-dark-bg-color has-text-color\" style=\"font-size:17px\">Animacjami dla dzieci zajmujemy si\u0119 nie od dzi\u015b. Ch\u0119tnie podpowiemy jak najlepiej wykorzysta\u0107 Tw\u00f3j czas i przestrze\u0144.<\/p>\n\n\n\n<div class=\"wp-block-buttons is-content-justification-left is-layout-flex wp-container-11\">\n<div class=\"wp-block-button is-style-primary\"><a class=\"wp-block-button__link wp-element-button\" href=\"https:\/\/bajkowikumple.pl\/index.php\/o-nas\/\">DOWIEDZ SI\u0118 WI\u0118CEJ<\/a><\/div>\n<\/div>\n<\/div>\n<\/div>\n\n\n\n<div style=\"height:40px\" aria-hidden=\"true\" class=\"wp-block-spacer\"><\/div>\n<\/div><\/div>\n<\/div><\/div>\n\n\n\n<div class=\"wp-block-cover alignfull\" style=\"min-height:420px\"><span aria-hidden=\"true\" class=\"wp-block-cover__background has-nv-light-bg-background-color has-background-dim-100 has-background-dim\"><\/span><div class=\"wp-block-cover__inner-container\">\n<div style=\"height:80px\" aria-hidden=\"true\" class=\"wp-block-spacer\"><\/div>\n\n\n\n<h2 class=\"wp-block-heading has-neve-text-color-color has-text-color\">Opinie klient\u00f3w<\/h2>\n\n\n\n<div class=\"wp-block-columns is-layout-flex wp-container-18\">\n<div class=\"wp-block-column is-layout-flow\">\n<p class=\"has-text-align-left has-neve-text-color-color has-text-color has-normal-font-size\">\u201cBardzo dobry kontakt z wynajmuj\u0105cym. Przygotowa\u0142 wszystko dok\u0142adnie tak jak si\u0119 umawiali\u015bmy.\u201d<\/p>\n\n\n\n<p class=\"has-neve-text-color-color has-text-color\">Marta, TORU\u0143<\/p>\n\n\n\n<div style=\"height:20px\" aria-hidden=\"true\" class=\"wp-block-spacer\"><\/div>\n<\/div>\n\n\n\n<div class=\"wp-block-column is-layout-flow\">\n<p class=\"has-text-align-left has-neve-text-color-color has-text-color has-normal-font-size\">\u201cMoje dzieci bawi\u0142y si\u0119 z maskotkami ju\u017c kilka razy i nadal chc\u0105, \u017ceby odwiedza\u0142y je nowe.\u201d<\/p>\n\n\n\n<p class=\"has-neve-text-color-color has-text-color\">Agnieszka, \u0141YSOMICE<\/p>\n\n\n\n<div style=\"height:20px\" aria-hidden=\"true\" class=\"wp-block-spacer\"><\/div>\n<\/div>\n\n\n\n<div class=\"wp-block-column is-layout-flow\">\n<p class=\"has-text-align-left has-neve-text-color-color has-text-color has-normal-font-size\">&#8222;Po podliczeniu koszt\u00f3w wyjazdu z grupk\u0105 dzieci bardziej op\u0142aca\u0142o si\u0119 zorganizowa\u0107 urodziny na w\u0142asnym podw\u00f3rku.\u201d<\/p>\n\n\n\n<p class=\"has-neve-text-color-color has-text-color\">Wojciech, GR\u0118BOCIN<\/p>\n\n\n\n<div style=\"height:20px\" aria-hidden=\"true\" class=\"wp-block-spacer\"><\/div>\n<\/div>\n<\/div>\n\n\n\n<div style=\"height:30px\" aria-hidden=\"true\" class=\"wp-block-spacer\"><\/div>\n<\/div><\/div>\n\n\n\n<div class=\"wp-block-cover alignfull\" style=\"min-height:300px\"><span aria-hidden=\"true\" class=\"wp-block-cover__background has-nv-dark-bg-background-color has-background-dim-100 has-background-dim\"><\/span><div class=\"wp-block-cover__inner-container\">\n<div style=\"height:140px\" aria-hidden=\"true\" class=\"wp-block-spacer\"><\/div>\n\n\n\n<h2 class=\"wp-block-heading has-text-align-center has-nv-text-dark-bg-color has-text-color\" id=\"kontakt\">Pomo\u017cemy Ci <br>przy Twojej nast\u0119pnej imprezie.<\/h2>\n\n\n\n<p class=\"has-text-align-center has-medium-font-size\">Zadzwo\u0144 do nas: 537 532 222<br>lub<br>napisz na: bajkowikumple@interia.pl<\/p>\n\n\n\n<div style=\"height:140px\" aria-hidden=\"true\" class=\"wp-block-spacer\"><\/div>\n<\/div><\/div>\n","protected":false},"excerpt":{"rendered":"<p>Najlepsze warunki Us\u0142ugi dostosowujemy do Twoich potrzeb.Dojazd do 30 km od Torunia zapewniamy gratis. Foto pami\u0105tki W cenie wynajmu maskotki oferujemy natychmiastowy wydruk 10 zdj\u0119\u0107.<\/p>\n","protected":false},"author":1,"featured_media":0,"parent":0,"menu_order":0,"comment_status":"closed","ping_status":"closed","template":"","meta":{"neve_meta_sidebar":"","neve_meta_container":"","neve_meta_enable_content_width":"on","neve_meta_content_width":100,"neve_meta_title_alignment":"","neve_meta_author_avatar":"","neve_post_elements_order":"","neve_meta_disable_header":"","neve_meta_disable_footer":"","neve_meta_disable_title":"on"},"aioseo_notices":[],"_links":{"self":[{"href":"https:\/\/bajkowikumple.pl\/index.php\/wp-json\/wp\/v2\/pages\/6"}],"collection":[{"href":"https:\/\/bajkowikumple.pl\/index.php\/wp-json\/wp\/v2\/pages"}],"about":[{"href":"https:\/\/bajkowikumple.pl\/index.php\/wp-json\/wp\/v2\/types\/page"}],"author":[{"embeddable":true,"href":"https:\/\/bajkowikumple.pl\/index.php\/wp-json\/wp\/v2\/users\/1"}],"replies":[{"embeddable":true,"href":"https:\/\/bajkowikumple.pl\/index.php\/wp-json\/wp\/v2\/comments?post=6"}],"version-history":[{"count":34,"href":"https:\/\/bajkowikumple.pl\/index.php\/wp-json\/wp\/v2\/pages\/6\/revisions"}],"predecessor-version":[{"id":461,"href":"https:\/\/bajkowikumple.pl\/index.php\/wp-json\/wp\/v2\/pages\/6\/revisions\/461"}],"wp:attachment":[{"href":"https:\/\/bajkowikumple.pl\/index.php\/wp-json\/wp\/v2\/media?parent=6"}],"curies":[{"name":"wp","href":"https:\/\/api.w.org\/{rel}","templated":true}]}}